{"id":415,"date":"2024-01-30T05:58:05","date_gmt":"2024-01-30T04:58:05","guid":{"rendered":"https:\/\/todomarcasjj.com\/?page_id=415"},"modified":"2026-01-28T10:53:33","modified_gmt":"2026-01-28T15:53:33","slug":"nosotros","status":"publish","type":"page","link":"https:\/\/todomarcasjj.com\/index.php\/nosotros\/","title":{"rendered":"Nosotros"},"content":{"rendered":"\t\t<div data-elementor-type=\"wp-page\" data-elementor-id=\"415\" class=\"elementor elementor-415\">\n\t\t\t\t<div class=\"elementor-element elementor-element-e7a2549 e-flex e-con-boxed e-con e-parent\" data-id=\"e7a2549\" data-element_type=\"container\">\n\t\t\t\t\t<div class=\"e-con-inner\">\n\t\t<div class=\"elementor-element elementor-element-589b254 e-con-full e-flex e-con e-child\" data-id=\"589b254\" data-element_type=\"container\">\n\t\t\t\t<div class=\"elementor-element elementor-element-6b58ef0 elementor-widget elementor-widget-heading\" data-id=\"6b58ef0\" data-element_type=\"widget\" data-widget_type=\"heading.default\">\n\t\t\t\t<div class=\"elementor-widget-container\">\n\t\t\t\t\t<h2 class=\"elementor-heading-title elementor-size-default\">Nuestro Taller<\/h2>\t\t\t\t<\/div>\n\t\t\t\t<\/div>\n\t\t\t\t<div class=\"elementor-element elementor-element-6869c37 elementor-widget-divider--view-line elementor-widget elementor-widget-divider\" data-id=\"6869c37\" data-element_type=\"widget\" data-widget_type=\"divider.default\">\n\t\t\t\t<div class=\"elementor-widget-container\">\n\t\t\t\t\t\t\t<div class=\"elementor-divider\">\n\t\t\t<span class=\"elementor-divider-separator\">\n\t\t\t\t\t\t<\/span>\n\t\t<\/div>\n\t\t\t\t\t\t<\/div>\n\t\t\t\t<\/div>\n\t\t\t\t<div class=\"elementor-element elementor-element-4fadc32 elementor-widget elementor-widget-text-editor\" data-id=\"4fadc32\" data-element_type=\"widget\" data-widget_type=\"text-editor.default\">\n\t\t\t\t<div class=\"elementor-widget-container\">\n\t\t\t\t\t\t\t\t\t<p align=justify >Somos tu taller automotriz especializado en el cuidado de veh\u00edculos de alta gama, con un enfoque particular en BMW, Mercedes-Benz, Audi y Mini Cooper.<\/p>\n<p align=justify >Nuestro equipo de expertos certificados est\u00e1 dedicado a ofrecer servicios de mantenimiento y reparaci\u00f3n excepcionales, utilizando tecnolog\u00eda de \u00faltima generaci\u00f3n y repuestos de calidad para garantizar el rendimiento \u00f3ptimo de tu autom\u00f3vil de lujo.<\/p>\n<p align=justify >Conf\u00eda en nosotros para mantener tu veh\u00edculo en condiciones \u00f3ptimas y experimentar un servicio de primera clase que coincide con la excelencia de tu autom\u00f3vil.<\/p>\t\t\t\t\t\t\t\t<\/div>\n\t\t\t\t<\/div>\n\t\t\t\t<div class=\"elementor-element elementor-element-00057aa elementor-align-center elementor-widget elementor-widget-button\" data-id=\"00057aa\" data-element_type=\"widget\" data-widget_type=\"button.default\">\n\t\t\t\t<div class=\"elementor-widget-container\">\n\t\t\t\t\t\t\t\t\t<div class=\"elementor-button-wrapper\">\n\t\t\t\t\t<a class=\"elementor-button elementor-button-link elementor-size-sm\" href=\"http:\/\/wa.me\/573157074000\">\n\t\t\t\t\t\t<span class=\"elementor-button-content-wrapper\">\n\t\t\t\t\t\t<span class=\"elementor-button-icon\">\n\t\t\t\t<svg aria-hidden=\"true\" class=\"e-font-icon-svg e-fab-whatsapp\" viewBox=\"0 0 448 512\" xmlns=\"http:\/\/www.w3.org\/2000\/svg\"><path d=\"M380.9 97.1C339 55.1 283.2 32 223.9 32c-122.4 0-222 99.6-222 222 0 39.1 10.2 77.3 29.6 111L0 480l117.7-30.9c32.4 17.7 68.9 27 106.1 27h.1c122.3 0 224.1-99.6 224.1-222 0-59.3-25.2-115-67.1-157zm-157 341.6c-33.2 0-65.7-8.9-94-25.7l-6.7-4-69.8 18.3L72 359.2l-4.4-7c-18.5-29.4-28.2-63.3-28.2-98.2 0-101.7 82.8-184.5 184.6-184.5 49.3 0 95.6 19.2 130.4 54.1 34.8 34.9 56.2 81.2 56.1 130.5 0 101.8-84.9 184.6-186.6 184.6zm101.2-138.2c-5.5-2.8-32.8-16.2-37.9-18-5.1-1.9-8.8-2.8-12.5 2.8-3.7 5.6-14.3 18-17.6 21.8-3.2 3.7-6.5 4.2-12 1.4-32.6-16.3-54-29.1-75.5-66-5.7-9.8 5.7-9.1 16.3-30.3 1.8-3.7.9-6.9-.5-9.7-1.4-2.8-12.5-30.1-17.1-41.2-4.5-10.8-9.1-9.3-12.5-9.5-3.2-.2-6.9-.2-10.6-.2-3.7 0-9.7 1.4-14.8 6.9-5.1 5.6-19.4 19-19.4 46.3 0 27.3 19.9 53.7 22.6 57.4 2.8 3.7 39.1 59.7 94.8 83.8 35.2 15.2 49 16.5 66.6 13.9 10.7-1.6 32.8-13.4 37.4-26.4 4.6-13 4.6-24.1 3.2-26.4-1.3-2.5-5-3.9-10.5-6.6z\"><\/path><\/svg>\t\t\t<\/span>\n\t\t\t\t\t\t\t\t\t<span class=\"elementor-button-text\">Contactar un Mec\u00e1nico<\/span>\n\t\t\t\t\t<\/span>\n\t\t\t\t\t<\/a>\n\t\t\t\t<\/div>\n\t\t\t\t\t\t\t\t<\/div>\n\t\t\t\t<\/div>\n\t\t\t\t<\/div>\n\t\t<div class=\"elementor-element elementor-element-0f4cbf6 e-con-full e-flex e-con e-child\" data-id=\"0f4cbf6\" data-element_type=\"container\">\n\t\t\t\t<div class=\"elementor-element elementor-element-6aef57c elementor-widget elementor-widget-image\" data-id=\"6aef57c\" data-element_type=\"widget\" data-widget_type=\"image.default\">\n\t\t\t\t<div class=\"elementor-widget-container\">\n\t\t\t\t\t\t\t\t\t\t\t\t\t\t\t<img decoding=\"async\" src=\"https:\/\/todomarcasjj.com\/wp-content\/uploads\/2026\/01\/WhatsApp-Image-2026-01-28-at-10.34.49-AM-e1769615585628.jpeg\" title=\"WhatsApp Image 2026-01-28 at 10.34.49 AM\" alt=\"WhatsApp Image 2026-01-28 at 10.34.49 AM\" loading=\"lazy\" \/>\t\t\t\t\t\t\t\t\t\t\t\t\t\t\t<\/div>\n\t\t\t\t<\/div>\n\t\t\t\t<\/div>\n\t\t\t\t\t<\/div>\n\t\t\t\t<\/div>\n\t\t<div class=\"elementor-element elementor-element-5968954 e-flex e-con-boxed e-con e-parent\" data-id=\"5968954\" data-element_type=\"container\">\n\t\t\t\t\t<div class=\"e-con-inner\">\n\t\t<div class=\"elementor-element elementor-element-a68b13a e-con-full e-flex e-con e-child\" data-id=\"a68b13a\" data-element_type=\"container\">\n\t\t\t\t<div class=\"elementor-element elementor-element-4c55a6d elementor-widget elementor-widget-image\" data-id=\"4c55a6d\" data-element_type=\"widget\" data-widget_type=\"image.default\">\n\t\t\t\t<div class=\"elementor-widget-container\">\n\t\t\t\t\t\t\t\t\t\t\t\t\t\t\t<img fetchpriority=\"high\" decoding=\"async\" width=\"500\" height=\"500\" src=\"https:\/\/todomarcasjj.com\/wp-content\/uploads\/2024\/01\/WhatsApp-Image-2024-01-25-at-3.31.38-PM.jpeg\" class=\"attachment-large size-large wp-image-385\" alt=\"\" srcset=\"https:\/\/todomarcasjj.com\/wp-content\/uploads\/2024\/01\/WhatsApp-Image-2024-01-25-at-3.31.38-PM.jpeg 500w, https:\/\/todomarcasjj.com\/wp-content\/uploads\/2024\/01\/WhatsApp-Image-2024-01-25-at-3.31.38-PM-300x300.jpeg 300w, https:\/\/todomarcasjj.com\/wp-content\/uploads\/2024\/01\/WhatsApp-Image-2024-01-25-at-3.31.38-PM-150x150.jpeg 150w, https:\/\/todomarcasjj.com\/wp-content\/uploads\/2024\/01\/WhatsApp-Image-2024-01-25-at-3.31.38-PM-100x100.jpeg 100w\" sizes=\"(max-width: 500px) 100vw, 500px\" \/>\t\t\t\t\t\t\t\t\t\t\t\t\t\t\t<\/div>\n\t\t\t\t<\/div>\n\t\t\t\t<\/div>\n\t\t<div class=\"elementor-element elementor-element-37d4dd9 e-con-full e-flex e-con e-child\" data-id=\"37d4dd9\" data-element_type=\"container\">\n\t\t\t\t<div class=\"elementor-element elementor-element-80a53c6 elementor-widget elementor-widget-heading\" data-id=\"80a53c6\" data-element_type=\"widget\" data-widget_type=\"heading.default\">\n\t\t\t\t<div class=\"elementor-widget-container\">\n\t\t\t\t\t<h2 class=\"elementor-heading-title elementor-size-default\">Nuestro Almac\u00e9n<\/h2>\t\t\t\t<\/div>\n\t\t\t\t<\/div>\n\t\t\t\t<div class=\"elementor-element elementor-element-f638b29 elementor-widget-divider--view-line elementor-widget elementor-widget-divider\" data-id=\"f638b29\" data-element_type=\"widget\" data-widget_type=\"divider.default\">\n\t\t\t\t<div class=\"elementor-widget-container\">\n\t\t\t\t\t\t\t<div class=\"elementor-divider\">\n\t\t\t<span class=\"elementor-divider-separator\">\n\t\t\t\t\t\t<\/span>\n\t\t<\/div>\n\t\t\t\t\t\t<\/div>\n\t\t\t\t<\/div>\n\t\t\t\t<div class=\"elementor-element elementor-element-cbe8209 elementor-widget elementor-widget-text-editor\" data-id=\"cbe8209\" data-element_type=\"widget\" data-widget_type=\"text-editor.default\">\n\t\t\t\t<div class=\"elementor-widget-container\">\n\t\t\t\t\t\t\t\t\t<p align=\"justify\">Nos enorgullece ofrecer un extenso inventario de repuestos originales y de alto rendimiento para repuestos de calidad de BMW, Mercedes-Benz, Audi y Mini Cooper, respaldado por nuestro compromiso de garantizar la excelencia y la autenticidad en cada producto. Ya sea que est\u00e9s realizando mantenimiento regular o buscando mejoras para tu veh\u00edculo de lujo, nuestro almac\u00e9n es tu fuente confiable para encontrar todo lo que necesitas. Descubre la comodidad de obtener repuestos de calidad para las marcas m\u00e1s prestigiosas en un solo lugar.<\/p>\t\t\t\t\t\t\t\t<\/div>\n\t\t\t\t<\/div>\n\t\t\t\t<div class=\"elementor-element elementor-element-56ab439 elementor-align-center elementor-widget elementor-widget-button\" data-id=\"56ab439\" data-element_type=\"widget\" data-widget_type=\"button.default\">\n\t\t\t\t<div class=\"elementor-widget-container\">\n\t\t\t\t\t\t\t\t\t<div class=\"elementor-button-wrapper\">\n\t\t\t\t\t<a class=\"elementor-button elementor-button-link elementor-size-sm\" href=\"http:\/\/wa.me\/573157074000\">\n\t\t\t\t\t\t<span class=\"elementor-button-content-wrapper\">\n\t\t\t\t\t\t<span class=\"elementor-button-icon\">\n\t\t\t\t<svg aria-hidden=\"true\" class=\"e-font-icon-svg e-fab-whatsapp\" viewBox=\"0 0 448 512\" xmlns=\"http:\/\/www.w3.org\/2000\/svg\"><path d=\"M380.9 97.1C339 55.1 283.2 32 223.9 32c-122.4 0-222 99.6-222 222 0 39.1 10.2 77.3 29.6 111L0 480l117.7-30.9c32.4 17.7 68.9 27 106.1 27h.1c122.3 0 224.1-99.6 224.1-222 0-59.3-25.2-115-67.1-157zm-157 341.6c-33.2 0-65.7-8.9-94-25.7l-6.7-4-69.8 18.3L72 359.2l-4.4-7c-18.5-29.4-28.2-63.3-28.2-98.2 0-101.7 82.8-184.5 184.6-184.5 49.3 0 95.6 19.2 130.4 54.1 34.8 34.9 56.2 81.2 56.1 130.5 0 101.8-84.9 184.6-186.6 184.6zm101.2-138.2c-5.5-2.8-32.8-16.2-37.9-18-5.1-1.9-8.8-2.8-12.5 2.8-3.7 5.6-14.3 18-17.6 21.8-3.2 3.7-6.5 4.2-12 1.4-32.6-16.3-54-29.1-75.5-66-5.7-9.8 5.7-9.1 16.3-30.3 1.8-3.7.9-6.9-.5-9.7-1.4-2.8-12.5-30.1-17.1-41.2-4.5-10.8-9.1-9.3-12.5-9.5-3.2-.2-6.9-.2-10.6-.2-3.7 0-9.7 1.4-14.8 6.9-5.1 5.6-19.4 19-19.4 46.3 0 27.3 19.9 53.7 22.6 57.4 2.8 3.7 39.1 59.7 94.8 83.8 35.2 15.2 49 16.5 66.6 13.9 10.7-1.6 32.8-13.4 37.4-26.4 4.6-13 4.6-24.1 3.2-26.4-1.3-2.5-5-3.9-10.5-6.6z\"><\/path><\/svg>\t\t\t<\/span>\n\t\t\t\t\t\t\t\t\t<span class=\"elementor-button-text\">Cotizar un Repuesto<\/span>\n\t\t\t\t\t<\/span>\n\t\t\t\t\t<\/a>\n\t\t\t\t<\/div>\n\t\t\t\t\t\t\t\t<\/div>\n\t\t\t\t<\/div>\n\t\t\t\t<\/div>\n\t\t\t\t\t<\/div>\n\t\t\t\t<\/div>\n\t\t\t\t<\/div>\n\t\t","protected":false},"excerpt":{"rendered":"<p>Nuestro Taller Somos tu taller automotriz especializado en el cuidado de veh\u00edculos de alta gama, [&hellip;]<\/p>\n","protected":false},"author":1,"featured_media":0,"parent":0,"menu_order":0,"comment_status":"closed","ping_status":"closed","template":"","meta":{"footnotes":""},"class_list":["post-415","page","type-page","status-publish","hentry"],"_links":{"self":[{"href":"https:\/\/todomarcasjj.com\/index.php\/wp-json\/wp\/v2\/pages\/415","targetHints":{"allow":["GET"]}}],"collection":[{"href":"https:\/\/todomarcasjj.com\/index.php\/wp-json\/wp\/v2\/pages"}],"about":[{"href":"https:\/\/todomarcasjj.com\/index.php\/wp-json\/wp\/v2\/types\/page"}],"author":[{"embeddable":true,"href":"https:\/\/todomarcasjj.com\/index.php\/wp-json\/wp\/v2\/users\/1"}],"replies":[{"embeddable":true,"href":"https:\/\/todomarcasjj.com\/index.php\/wp-json\/wp\/v2\/comments?post=415"}],"version-history":[{"count":16,"href":"https:\/\/todomarcasjj.com\/index.php\/wp-json\/wp\/v2\/pages\/415\/revisions"}],"predecessor-version":[{"id":493,"href":"https:\/\/todomarcasjj.com\/index.php\/wp-json\/wp\/v2\/pages\/415\/revisions\/493"}],"wp:attachment":[{"href":"https:\/\/todomarcasjj.com\/index.php\/wp-json\/wp\/v2\/media?parent=415"}],"curies":[{"name":"wp","href":"https:\/\/api.w.org\/{rel}","templated":true}]}}